{"id":11385,"date":"2024-02-14T16:29:35","date_gmt":"2024-02-14T15:29:35","guid":{"rendered":"https:\/\/alonso.indipro.es\/?page_id=11385"},"modified":"2024-03-19T15:25:24","modified_gmt":"2024-03-19T14:25:24","slug":"politica-de-privacidad","status":"publish","type":"page","link":"https:\/\/www.alonsoassociates.com\/es\/politica-de-privacidad\/","title":{"rendered":"Pol\u00edtica de privacidad"},"content":{"rendered":"\t\t<div data-elementor-type=\"wp-page\" data-elementor-id=\"11385\" class=\"elementor elementor-11385\">\n\t\t\t\t\t\t<section class=\"elementor-section elementor-top-section elementor-element elementor-element-c4b259a elementor-section-boxed elementor-section-height-default elementor-section-height-default\" data-id=\"c4b259a\" data-element_type=\"section\" data-settings=\"{&quot;background_background&quot;:&quot;classic&quot;}\">\n\t\t\t\t\t\t<div class=\"elementor-container elementor-column-gap-default\">\n\t\t\t\t\t<div class=\"elementor-column elementor-col-100 elementor-top-column elementor-element elementor-element-9ed3da9\" data-id=\"9ed3da9\" data-element_type=\"column\">\n\t\t\t<div class=\"elementor-widget-wrap elementor-element-populated\">\n\t\t\t\t\t\t<section class=\"elementor-section elementor-inner-section elementor-element elementor-element-561dac1 elementor-section-boxed elementor-section-height-default elementor-section-height-default\" data-id=\"561dac1\" data-element_type=\"section\">\n\t\t\t\t\t\t<div class=\"elementor-container elementor-column-gap-default\">\n\t\t\t\t\t<div class=\"elementor-column elementor-col-50 elementor-inner-column elementor-element elementor-element-0e09bd8\" data-id=\"0e09bd8\" data-element_type=\"column\">\n\t\t\t<div class=\"elementor-widget-wrap elementor-element-populated\">\n\t\t\t\t\t\t<div class=\"elementor-element elementor-element-85dee9f elementor-widget elementor-widget-hub_fancy_heading\" data-id=\"85dee9f\" data-element_type=\"widget\" data-widget_type=\"hub_fancy_heading.default\">\n\t\t\t\t<div class=\"elementor-widget-container\">\n\t\t\t\n\t\t<div id=\"ld-fancy-heading-69f375b17f82a\" class=\"ld-fancy-heading pos-rel\">\n\t\t\t<h1 class=\"ld-fh-element d-inline-block pos-rel  elementor-heading-title lqd-highlight-classic lqd-highlight-grow-left h4\"  > Pol\u00edtica de privacidad<\/h1>\t\t<\/div>\n\n\t\t\t\t<\/div>\n\t\t\t\t<\/div>\n\t\t\t\t\t<\/div>\n\t\t<\/div>\n\t\t\t\t<div class=\"elementor-column elementor-col-50 elementor-inner-column elementor-element elementor-element-e271a22\" data-id=\"e271a22\" data-element_type=\"column\">\n\t\t\t<div class=\"elementor-widget-wrap elementor-element-populated\">\n\t\t\t\t\t\t<div class=\"elementor-element elementor-element-4ce961d elementor-widget elementor-widget-text-editor\" data-id=\"4ce961d\" data-element_type=\"widget\" data-widget_type=\"text-editor.default\">\n\t\t\t\t<div class=\"elementor-widget-container\">\n\t\t\t<style>\/*! elementor - v3.20.0 - 26-03-2024 *\/\n.elementor-widget-text-editor.elementor-drop-cap-view-stacked .elementor-drop-cap{background-color:#69727d;color:#fff}.elementor-widget-text-editor.elementor-drop-cap-view-framed .elementor-drop-cap{color:#69727d;border:3px solid;background-color:transparent}.elementor-widget-text-editor:not(.elementor-drop-cap-view-default) .elementor-drop-cap{margin-top:8px}.elementor-widget-text-editor:not(.elementor-drop-cap-view-default) .elementor-drop-cap-letter{width:1em;height:1em}.elementor-widget-text-editor .elementor-drop-cap{float:left;text-align:center;line-height:1;font-size:50px}.elementor-widget-text-editor .elementor-drop-cap-letter{display:inline-block}<\/style>\t\t\t\t<p>Consulta el blog<\/p>\n\t\t\t\t\t\t<\/div>\n\t\t\t\t<\/div>\n\t\t\t\t\t<\/div>\n\t\t<\/div>\n\t\t\t\t\t<\/div>\n\t\t<\/section>\n\t\t\t\t\t<\/div>\n\t\t<\/div>\n\t\t\t\t\t<\/div>\n\t\t<\/section>\n\t\t\t\t<section class=\"elementor-section elementor-top-section elementor-element elementor-element-29b94d31 elementor-hidden-tablet elementor-hidden-mobile elementor-section-boxed elementor-section-height-default elementor-section-height-default\" data-id=\"29b94d31\" data-element_type=\"section\" data-settings=\"{&quot;background_background&quot;:&quot;classic&quot;}\">\n\t\t\t\t\t\t<div class=\"elementor-container elementor-column-gap-extended\">\n\t\t\t\t\t<div class=\"elementor-column elementor-col-100 elementor-top-column elementor-element elementor-element-67e0f632\" data-id=\"67e0f632\" data-element_type=\"column\">\n\t\t\t<div class=\"elementor-widget-wrap elementor-element-populated\">\n\t\t\t\t\t\t<div class=\"elementor-element elementor-element-11d161b elementor-widget__width-initial elementor-widget elementor-widget-text-editor\" data-id=\"11d161b\" data-element_type=\"widget\" data-widget_type=\"text-editor.default\">\n\t\t\t\t<div class=\"elementor-widget-container\">\n\t\t\t\t\t\t\t<p>Bienvenido a la Pol\u00edtica de Privacidad de <strong> www.alonsoassociates.com<\/strong>. Aqu\u00ed encontrar\u00e1 cuestiones relativas a su privacidad y a la protecci\u00f3n de sus datos personales. Esta pol\u00edtica toma como base el <a href=\"https:\/\/www.boe.es\/doue\/2016\/119\/L00001-00088.pdf\">Reglamento General de Protecci\u00f3n de Datos (RGPD), o Reglamento (UE) 679\/2016<\/a>.<\/p>\n<h2>Menores de edad<\/h2>\n<p>Si fuera menor de edad, debe saber que por debajo de los 14 a\u00f1os se requiere el consentimiento de los padres o tutores para que tenga lugar tratamiento de sus datos personales. Si tiene menos de 14 a\u00f1os, por favor, no nos entregue ninguna informaci\u00f3n personal en <strong>www.alonsoassociates.com<\/strong>, ni se registre en nuestra web.<\/p>\n<p>Adem\u00e1s, ciertos datos de menores est\u00e1n especialmente protegidos por el Reglamento, en particular los que se basan en tratamientos de elaboraci\u00f3n de perfiles. En ning\u00fan caso se solicitar\u00e1 a los menores de 18 a\u00f1os informaci\u00f3n sobre la actividad personal, econ\u00f3mica o intimidad de la familia del menor.<\/p>\n<h2>Tratamiento de datos personales en alonsoassociates.com<\/h2>\n<p>De acuerdo con lo establecido en la normativa actual, los datos que recabemos en <strong>alonsoassociates.com<\/strong> ser\u00e1n:<\/p>\n<ul>\n<li>adecuados<\/li>\n<li>pertinentes<\/li>\n<li>limitados a lo necesario<\/li>\n<\/ul>\n<p>con la \u00fanica finalidad de responder a los formularios de contacto y a los comentarios de este blog.<\/p>\n<p>El usuario que comunique su informaci\u00f3n personal a <strong> www.alonsoassociates.com<\/strong> deber\u00e1 saber tambi\u00e9n que dicha informaci\u00f3n ser\u00e1 cedida solamente a la empresa que provee de hosting a <b> www.alonsoassociates.com<\/b> al dise\u00f1ador web, a WordPress.Org como soporte web y a Google Analytics.<\/p>\n<p>En el caso de que sea necesario ceder sus datos personales a terceros para ofrecer un nuevo servicio, <strong> www.alonsoassociates.com<\/strong> se asegurar\u00e1 de contar con su consentimiento como interesado, y de que los terceros cumplan con el Reglamento General de Protecci\u00f3n de Datos. Adem\u00e1s, se realizar\u00eda la actualizaci\u00f3n pertinente de esta Pol\u00edtica de Privacidad.<\/p>\n<p>Debe saber tambi\u00e9n que podr\u00e1 ejercer en cualquier momento sus derechos reconocidos en el Reglamento: acceso, rectificaci\u00f3n, supresi\u00f3n, olvido, oposici\u00f3n, limitaci\u00f3n del tratamiento, portabilidad de los datos y a no ser objeto de decisiones individuales automatizadas, incluyendo la elaboraci\u00f3n de perfiles. Para ello, podr\u00e1 acudir a la direcci\u00f3n <a href=\"mailto:info@alonsoassociates.com\">info@alonsoassociates.com<\/a><\/p>\n<h2>Principios de esta pol\u00edtica de privacidad<\/h2>\n<p>Esta pol\u00edtica de privacidad se inspira en los principios que rigen el Reglamento General de Protecci\u00f3n de Datos y en otros valores que se consideran deseables en alonsoassociates.com:<\/p>\n<ul>\n<li><strong>Transparencia en el desarrollo de la actividad<\/strong>: En <strong> www.alonsoassociates.com <\/strong>se procurar\u00e1 ser siempre transparente, en particular en lo referente a la gesti\u00f3n de datos personales.<\/li>\n<li><strong>Principio de responsabilidad proactiva<\/strong>: Los datos personales se tratar\u00e1n siempre con el m\u00e1ximo cuidado y se revisar\u00e1n peri\u00f3dicamente las medidas de seguridad aplicadas y la legitimidad del tratamiento de dichos datos.<\/li>\n<li><strong>Principio de minimizaci\u00f3n de los datos<\/strong>: Los datos personales recabados en <b> www.alonsoassociates.com <\/b>ser\u00e1n siempre adecuados, pertinentes y limitados a lo necesario para poder realizar las finalidades leg\u00edtimas para las que el interesado otorga su consentimiento: la suscripci\u00f3n a contenidos, el formulario de contacto y el de comentarios.<\/li>\n<li><strong>Rechazo de estrategias invasivas para el usuario<\/strong>: En <b> www.alonsoassociates.com <\/b>nos desmarcamos profundamente de las estrategias de spam y publicidad invasiva, lo que hace de <strong> www.alonsoassociates.com<\/strong> es un espacio libre de publicidad.<\/li>\n<\/ul>\n<h2>Base legal que respalda el tratamiento<\/h2>\n<p>El tratamiento de datos personales se realiza en <strong> www.alonsoassociates.com<\/strong> de acuerdo con:<\/p>\n<ul>\n<li><a href=\"https:\/\/www.boe.es\/diario_boe\/txt.php?id=DOUE-L-2016-80807\" target=\"_blank\" rel=\"noopener noreferrer\">Reglamento (UE) 679\/2016 o Reglamento General de Protecci\u00f3n de Datos (RGPD)<\/a><\/li>\n<li><a href=\"https:\/\/www.boe.es\/buscar\/act.php?id=BOE-A-2002-13758\" target=\"_blank\" rel=\"noopener noreferrer\">Ley 34\/2002, de 11 de julio, de servicios de la sociedad de la informaci\u00f3n y de comercio electr\u00f3nico<\/a>.<\/li>\n<li><a href=\"https:\/\/www.boe.es\/buscar\/act.php?id=BOE-A-2018-16673\" target=\"_blank\" rel=\"noopener\">Ley Org\u00e1nica 3\/2018, de 5 de diciembre, de Protecci\u00f3n de Datos Personales y garant\u00eda de los derechos digitales<\/a><\/li>\n<\/ul>\n<p>Adem\u00e1s, el tratamiento de datos personales en <strong>www.alonsoassociates.com<\/strong> se justifica dado que el interesado ha dado su consentimiento a trav\u00e9s de una clara acci\u00f3n afirmativa a <strong>www.alonsoassociates.com<\/strong> o de forma impl\u00edcita al navegar por este blog.<\/p>\n<h2>Responsable del tratamiento de datos personales<\/h2>\n<p>La informaci\u00f3n de contacto que encontrar\u00e1 a continuaci\u00f3n responde al Responsable del Tratamiento de sus datos personales, es decir, a la entidad detr\u00e1s de <strong> www.alonsoassociates.com.<\/strong><\/p>\n<table>\n<tbody>\n<tr>\n<td colspan=\"2\" width=\"566\"><strong>INFORMACI\u00d3N B\u00c1SICA DEL RESPONSABLE<\/strong><\/td>\n<\/tr>\n<tr>\n<td width=\"151\">Empresa<\/td>\n<td width=\"415\">ASESORES COMUNITARIOS S.L.<\/td>\n<\/tr>\n<tr>\n<td width=\"151\">CIF<\/td>\n<td width=\"415\">B79510111<\/td>\n<\/tr>\n<tr>\n<td width=\"151\">Direcci\u00f3n<\/td>\n<td width=\"415\">C\/ Serrano n\u00ba3, 5\u00ba izda; 28001 \u2013 Madrid<\/td>\n<\/tr>\n<tr>\n<td width=\"151\">Correo electr\u00f3nico<\/td>\n<td width=\"415\"><a href=\"mailto:info@alonsoassociates.com\">info@alonsoassociates.com<\/a><\/td>\n<\/tr>\n<tr>\n<td width=\"151\">Actividad<\/td>\n<td width=\"415\">Consultor\u00eda<\/td>\n<\/tr>\n<\/tbody>\n<\/table>\n<h2>Derechos reconocidos<\/h2>\n<p>Cualquier persona tiene derecho a ser adecuadamente informada en materia de protecci\u00f3n de datos, y a obtener confirmaci\u00f3n sobre si en <strong> www.alonsoassociates.com<\/strong> se tratan sus datos personales o no.<\/p>\n<p>Las personas interesadas podr\u00e1n ejercer su derecho de acceso a la informaci\u00f3n en poder de<strong> www.alonsoassociates.com<\/strong><strong>,<\/strong> incluyendo la obtenci\u00f3n de una copia de los datos, as\u00ed como su derecho a rectificar dichos datos o a suprimirlos cuando no sean necesarios para los fines que fueron recogidos, entre otros motivos.<\/p>\n<p>Asimismo, en determinadas circunstancias podr\u00e1n solicitar la limitaci\u00f3n del tratamiento de sus datos personales, lo que implicar\u00e1 su conservaci\u00f3n en exclusiva para el ejercicio o defensa de reclamaciones. Igualmente, en determinadas circunstancias y por motivos relacionados con su situaci\u00f3n particular, los interesados podr\u00e1n oponerse al tratamiento de sus datos personales. En<strong> www.alonsoassociates.com<\/strong> se dejar\u00e1 de tratar esos datos salvo por motivos leg\u00edtimos imperiosos o el ejercicio o defensa de reclamaciones.<\/p>\n<p>Igualmente, el interesado podr\u00e1 ejercer el derecho a la portabilidad de sus datos personales automatizados en poder de<strong> www.alonsoassociates.com,<\/strong> que ser\u00e1n trasladados en un formato accesible a otro Responsable de Tratamiento de la elecci\u00f3n del interesado.<\/p>\n<h2>Posibilidad de reclamaci\u00f3n<\/h2>\n<p>Si as\u00ed lo deseara y considerara sus derechos vulnerados, el interesado tendr\u00e1 siempre derecho a presentar una reclamaci\u00f3n ante la Agencia Espa\u00f1ola de Protecci\u00f3n de Datos, que es la autoridad de control en la materia.<\/p>\n<h2>Finalidades del tratamiento y datos que se tratan<\/h2>\n<p>Para que tenga constancia de qu\u00e9 tipo de datos se gestionan en<strong> www.alonsoassociates.com<\/strong> y por qu\u00e9, a continuaci\u00f3n encontrar\u00e1 un resumen de la informaci\u00f3n personal que se maneja en el normal desarrollo de la actividad de<strong> www.alonsoassociates.com<\/strong>:<\/p>\n<ul>\n<li>Para la gesti\u00f3n de formularios de contacto y suscripci\u00f3n a la p\u00e1gina web, se tratar\u00e1n los datos de los usuarios de la web tales como el nombre, el email y la direcci\u00f3n IP.<\/li>\n<li>Igualmente, los datos para mejorar los servicios digitales incluyendo sistemas de cifrado y cookies se tratar\u00e1n los mismos datos identificativos: nombre, direcci\u00f3n email y direcci\u00f3n IP.<\/li>\n<\/ul>\n<h2>Conservaci\u00f3n de los datos<\/h2>\n<p>Los datos ser\u00e1n conservados mientras no se solicite supresi\u00f3n por parte del interesado.<\/p>\n<h2>Cesiones de los datos<\/h2>\n<p>La gesti\u00f3n de la p\u00e1gina web de<strong> www.alonsoassociates.com<\/strong> se tramitar\u00e1 parcialmente de forma interna y en parte a trav\u00e9s de un servicio contratado. Por ello, los datos personales de los usuarios de la web ser\u00e1n cedidos a las siguientes entidades:<\/p>\n<ul>\n<li><strong>Hosting<\/strong>: OVH HISPANO, S.L. (B83834747), <a href=\"mailto:soporte@ovh.es\">soporte@ovh.es<\/a> \u2013 Su pol\u00edtica de protecci\u00f3n de datos personales se puede consultar <a href=\"https:\/\/www.ovh.es\/proteccion-datos-personales\/\">aqu\u00ed<\/a>.<\/li>\n<li><strong>Plataforma web:<\/strong>org \u2013 la cesi\u00f3n de datos responde \u00fanicamente a los servicios de soporte que proporciona WordPress.org<\/li>\n<li><strong>Dise\u00f1o y programaci\u00f3n web:<\/strong> INDIPROWEB S.L. (B24613655), <a href=\"mailto:info@indipro.es\">info@indipro.es<\/a> \u2013 Su pol\u00edtica de protecci\u00f3n de datos personales se puede consultar <a href=\"https:\/\/www.indipro.es\/politica-de-privacidad\/\" target=\"_blank\" rel=\"noopener\">aqu\u00ed<\/a>.<\/li>\n<li><strong>An\u00e1lisis y cookies<\/strong>: Google Analytics \u2013 Se puede consultar el apartado de pol\u00edtica de privacidad <a href=\"https:\/\/support.google.com\/analytics\/answer\/6004245?sjid=9372122302227552240-EU\">aqu\u00ed<\/a>.<\/li>\n<\/ul>\n<p>Si la relaci\u00f3n contractual terminara y fuera necesario designar a otra empresa para que preste este servicio, se contar\u00e1 con el consentimiento expl\u00edcito de los usuarios y la empresa <strong> www.alonsoassociates.com<\/strong> se asegurar\u00e1 de que en dicha entidad se cumpla con el Reglamento General de Protecci\u00f3n de Datos.<\/p>\n<h2>Confidencialidad<\/h2>\n<p>En <strong> www.alonsoassociates.com <\/strong>garantizamos que se mantendr\u00e1 la m\u00e1s estricta confidencialidad de sus datos personales, y que no ser\u00e1n cedidos a ninguna entidad salvo las imprescindiblemente necesarias para el desarrollo de la actividad de este blog.<\/p>\n<p>Si tiene alguna duda, por favor no dude en contactarnos en la siguiente direcci\u00f3n de correo electr\u00f3nico: <a href=\"mailto:info@alonsoassociates.com\">info@alonsoassociates.com<\/a><\/p>\n<p>Emiliano Alonso<\/p>\n<p>Representante legal<\/p>\n<p><strong> www.alonsoassociates.com<\/strong><\/p>\n<p><em>Documento actualizado a 14 de febrero de 2024<\/em><\/p>\t\t\t\t\t\t<\/div>\n\t\t\t\t<\/div>\n\t\t\t\t\t<\/div>\n\t\t<\/div>\n\t\t\t\t\t<\/div>\n\t\t<\/section>\n\t\t\t\t<\/div>\n\t\t","protected":false},"excerpt":{"rendered":"<p>Pol\u00edtica de privacidad Consulta el blog Bienvenido a la Pol\u00edtica de Privacidad de www.alonsoassociates.com. Aqu\u00ed encontrar\u00e1 cuestiones relativas a su privacidad y a la protecci\u00f3n de sus datos personales. Esta pol\u00edtica toma como base el Reglamento General de Protecci\u00f3n de Datos (RGPD), o Reglamento (UE) 679\/2016. Menores de edad Si fuera menor de edad, debe [&hellip;]<\/p>\n","protected":false},"author":1,"featured_media":0,"parent":0,"menu_order":0,"comment_status":"closed","ping_status":"closed","template":"","meta":{"om_disable_all_campaigns":false,"_monsterinsights_skip_tracking":false,"_monsterinsights_sitenote_active":false,"_monsterinsights_sitenote_note":"","_monsterinsights_sitenote_category":0,"footnotes":""},"class_list":["post-11385","page","type-page","status-publish","hentry"],"aioseo_notices":[],"_links":{"self":[{"href":"https:\/\/www.alonsoassociates.com\/es\/wp-json\/wp\/v2\/pages\/11385","targetHints":{"allow":["GET"]}}],"collection":[{"href":"https:\/\/www.alonsoassociates.com\/es\/wp-json\/wp\/v2\/pages"}],"about":[{"href":"https:\/\/www.alonsoassociates.com\/es\/wp-json\/wp\/v2\/types\/page"}],"author":[{"embeddable":true,"href":"https:\/\/www.alonsoassociates.com\/es\/wp-json\/wp\/v2\/users\/1"}],"replies":[{"embeddable":true,"href":"https:\/\/www.alonsoassociates.com\/es\/wp-json\/wp\/v2\/comments?post=11385"}],"version-history":[{"count":13,"href":"https:\/\/www.alonsoassociates.com\/es\/wp-json\/wp\/v2\/pages\/11385\/revisions"}],"predecessor-version":[{"id":11570,"href":"https:\/\/www.alonsoassociates.com\/es\/wp-json\/wp\/v2\/pages\/11385\/revisions\/11570"}],"wp:attachment":[{"href":"https:\/\/www.alonsoassociates.com\/es\/wp-json\/wp\/v2\/media?parent=11385"}],"curies":[{"name":"wp","href":"https:\/\/api.w.org\/{rel}","templated":true}]}}